{"id":671,"date":"2020-11-27T11:41:17","date_gmt":"2020-11-27T14:41:17","guid":{"rendered":"http:\/\/mueblesdifalco.com.ar\/?page_id=671"},"modified":"2020-12-10T09:16:49","modified_gmt":"2020-12-10T12:16:49","slug":"dormitorio","status":"publish","type":"page","link":"https:\/\/mueblesdifalco.com.ar\/index.php\/productos\/dormitorio\/","title":{"rendered":"Dormitorio"},"content":{"rendered":"\t\t<div data-elementor-type=\"wp-post\" data-elementor-id=\"671\" class=\"elementor elementor-671\">\n\t\t\t\t\t\t<div class=\"elementor-inner\">\n\t\t\t\t<div class=\"elementor-section-wrap\">\n\t\t\t\t\t\t\t\t\t<section class=\"elementor-section elementor-top-section elementor-element elementor-element-111aa15 elementor-section-full_width elementor-section-height-default elementor-section-height-default\" data-id=\"111aa15\" data-element_type=\"section\" data-settings=\"{&quot;background_background&quot;:&quot;classic&quot;,&quot;shape_divider_bottom&quot;:&quot;split&quot;,&quot;shape_divider_bottom_negative&quot;:&quot;yes&quot;}\">\n\t\t\t\t\t<div class=\"elementor-shape elementor-shape-bottom\" data-negative=\"true\">\n\t\t\t<svg xmlns=\"http:\/\/www.w3.org\/2000\/svg\" viewBox=\"0 0 1000 20\" preserveAspectRatio=\"none\">\n\t<path class=\"elementor-shape-fill\" d=\"M519.8,0.2c-11,0-19.8,8.5-19.8,19c0-10.4-8.8-19-19.8-19L0,0v20h1000V0.2H519.8z\"\/>\n<\/svg>\t\t<\/div>\n\t\t\t\t\t<div class=\"elementor-container elementor-column-gap-default\">\n\t\t\t\t\t\t\t<div class=\"elementor-row\">\n\t\t\t\t\t<div class=\"elementor-column elementor-col-100 elementor-top-column elementor-element elementor-element-8a7b466\" data-id=\"8a7b466\" data-element_type=\"column\">\n\t\t\t<div class=\"elementor-column-wrap elementor-element-populated\">\n\t\t\t\t\t\t\t<div class=\"elementor-widget-wrap\">\n\t\t\t\t\t\t<div class=\"elementor-element elementor-element-5de2cf8 elementor-widget elementor-widget-heading\" data-id=\"5de2cf8\" data-element_type=\"widget\" data-widget_type=\"heading.default\">\n\t\t\t\t<div class=\"elementor-widget-container\">\n\t\t\t<h3 class=\"elementor-heading-title elementor-size-default\">Dormitorio<\/h3>\t\t<\/div>\n\t\t\t\t<\/div>\n\t\t\t\t\t\t<\/div>\n\t\t\t\t\t<\/div>\n\t\t<\/div>\n\t\t\t\t\t\t\t\t<\/div>\n\t\t\t\t\t<\/div>\n\t\t<\/section>\n\t\t\t\t<section class=\"elementor-section elementor-top-section elementor-element elementor-element-3618db8 elementor-section-boxed elementor-section-height-default elementor-section-height-default\" data-id=\"3618db8\" data-element_type=\"section\" data-settings=\"{&quot;background_background&quot;:&quot;classic&quot;}\">\n\t\t\t\t\t\t<div class=\"elementor-container elementor-column-gap-default\">\n\t\t\t\t\t\t\t<div class=\"elementor-row\">\n\t\t\t\t\t<div class=\"elementor-column elementor-col-100 elementor-top-column elementor-element elementor-element-37dfe75\" data-id=\"37dfe75\" data-element_type=\"column\">\n\t\t\t<div class=\"elementor-column-wrap elementor-element-populated\">\n\t\t\t\t\t\t\t<div class=\"elementor-widget-wrap\">\n\t\t\t\t\t\t<div class=\"elementor-element elementor-element-f4cdc22 gallery-spacing-custom elementor-widget elementor-widget-image-gallery\" data-id=\"f4cdc22\" data-element_type=\"widget\" data-widget_type=\"image-gallery.default\">\n\t\t\t\t<div class=\"elementor-widget-container\">\n\t\t\t\t\t<div class=\"elementor-image-gallery\">\n\t\t\t<div id='gallery-1' class='gallery galleryid-671 gallery-columns-4 gallery-size-full'><figure class='gallery-item'>\n\t\t\t<div class='gallery-icon landscape'>\n\t\t\t\t<a data-elementor-open-lightbox=\"yes\" data-elementor-lightbox-slideshow=\"f4cdc22\" data-elementor-lightbox-title=\"Domitorio Capitone Mesa del Luz Luis\" e-action-hash=\"#elementor-action%3Aaction%3Dlightbox%26settings%3DeyJpZCI6Njc0LCJ1cmwiOiJodHRwczpcL1wvbXVlYmxlc2RpZmFsY28uY29tLmFyXC93cC1jb250ZW50XC91cGxvYWRzXC8yMDIwXC8xMVwvZG9taXRvcmlvLWNhcGl0b25lLW1lc2EtZGVsLWx1ei1sdWlzLS5qcGciLCJzbGlkZXNob3ciOiJmNGNkYzIyIn0%3D\" href='https:\/\/mueblesdifalco.com.ar\/wp-content\/uploads\/2020\/11\/domitorio-capitone-mesa-del-luz-luis-.jpg'><img width=\"591\" height=\"591\" src=\"https:\/\/mueblesdifalco.com.ar\/wp-content\/uploads\/2020\/11\/domitorio-capitone-mesa-del-luz-luis-.jpg\" class=\"attachment-full size-full\" alt=\"\" loading=\"lazy\" srcset=\"https:\/\/mueblesdifalco.com.ar\/wp-content\/uploads\/2020\/11\/domitorio-capitone-mesa-del-luz-luis-.jpg 591w, https:\/\/mueblesdifalco.com.ar\/wp-content\/uploads\/2020\/11\/domitorio-capitone-mesa-del-luz-luis--150x150.jpg 150w, https:\/\/mueblesdifalco.com.ar\/wp-content\/uploads\/2020\/11\/domitorio-capitone-mesa-del-luz-luis--300x300.jpg 300w, https:\/\/mueblesdifalco.com.ar\/wp-content\/uploads\/2020\/11\/domitorio-capitone-mesa-del-luz-luis--100x100.jpg 100w\" sizes=\"(max-width: 591px) 100vw, 591px\" \/><\/a>\n\t\t\t<\/div><\/figure><figure class='gallery-item'>\n\t\t\t<div class='gallery-icon landscape'>\n\t\t\t\t<a data-elementor-open-lightbox=\"yes\" data-elementor-lightbox-slideshow=\"f4cdc22\" data-elementor-lightbox-title=\"Dormitorio Art Deco\" e-action-hash=\"#elementor-action%3Aaction%3Dlightbox%26settings%3DeyJpZCI6Njc4LCJ1cmwiOiJodHRwczpcL1wvbXVlYmxlc2RpZmFsY28uY29tLmFyXC93cC1jb250ZW50XC91cGxvYWRzXC8yMDIwXC8xMVwvRG9ybWl0b3Jpby1BUlQtREVDTy0uanBnIiwic2xpZGVzaG93IjoiZjRjZGMyMiJ9\" href='https:\/\/mueblesdifalco.com.ar\/wp-content\/uploads\/2020\/11\/Dormitorio-ART-DECO-.jpg'><img width=\"591\" height=\"591\" src=\"https:\/\/mueblesdifalco.com.ar\/wp-content\/uploads\/2020\/11\/Dormitorio-ART-DECO-.jpg\" class=\"attachment-full size-full\" alt=\"\" loading=\"lazy\" srcset=\"https:\/\/mueblesdifalco.com.ar\/wp-content\/uploads\/2020\/11\/Dormitorio-ART-DECO-.jpg 591w, https:\/\/mueblesdifalco.com.ar\/wp-content\/uploads\/2020\/11\/Dormitorio-ART-DECO--150x150.jpg 150w, https:\/\/mueblesdifalco.com.ar\/wp-content\/uploads\/2020\/11\/Dormitorio-ART-DECO--300x300.jpg 300w, https:\/\/mueblesdifalco.com.ar\/wp-content\/uploads\/2020\/11\/Dormitorio-ART-DECO--100x100.jpg 100w\" sizes=\"(max-width: 591px) 100vw, 591px\" \/><\/a>\n\t\t\t<\/div><\/figure><figure class='gallery-item'>\n\t\t\t<div class='gallery-icon landscape'>\n\t\t\t\t<a data-elementor-open-lightbox=\"yes\" data-elementor-lightbox-slideshow=\"f4cdc22\" data-elementor-lightbox-title=\"Dormitorio Javiela con respaldo madera\" e-action-hash=\"#elementor-action%3Aaction%3Dlightbox%26settings%3DeyJpZCI6NjgwLCJ1cmwiOiJodHRwczpcL1wvbXVlYmxlc2RpZmFsY28uY29tLmFyXC93cC1jb250ZW50XC91cGxvYWRzXC8yMDIwXC8xMVwvZG9ybWl0b3Jpby1KQVZJRUxBLWNvbi1yZXNwYWxkby1tYWRlcmEtLmpwZyIsInNsaWRlc2hvdyI6ImY0Y2RjMjIifQ%3D%3D\" href='https:\/\/mueblesdifalco.com.ar\/wp-content\/uploads\/2020\/11\/dormitorio-JAVIELA-con-respaldo-madera-.jpg'><img width=\"591\" height=\"591\" src=\"https:\/\/mueblesdifalco.com.ar\/wp-content\/uploads\/2020\/11\/dormitorio-JAVIELA-con-respaldo-madera-.jpg\" class=\"attachment-full size-full\" alt=\"\" loading=\"lazy\" srcset=\"https:\/\/mueblesdifalco.com.ar\/wp-content\/uploads\/2020\/11\/dormitorio-JAVIELA-con-respaldo-madera-.jpg 591w, https:\/\/mueblesdifalco.com.ar\/wp-content\/uploads\/2020\/11\/dormitorio-JAVIELA-con-respaldo-madera--150x150.jpg 150w, https:\/\/mueblesdifalco.com.ar\/wp-content\/uploads\/2020\/11\/dormitorio-JAVIELA-con-respaldo-madera--300x300.jpg 300w, https:\/\/mueblesdifalco.com.ar\/wp-content\/uploads\/2020\/11\/dormitorio-JAVIELA-con-respaldo-madera--100x100.jpg 100w\" sizes=\"(max-width: 591px) 100vw, 591px\" \/><\/a>\n\t\t\t<\/div><\/figure><figure class='gallery-item'>\n\t\t\t<div class='gallery-icon landscape'>\n\t\t\t\t<a data-elementor-open-lightbox=\"yes\" data-elementor-lightbox-slideshow=\"f4cdc22\" data-elementor-lightbox-title=\"Domitorio respaldo tapizado de cuero rojo\" e-action-hash=\"#elementor-action%3Aaction%3Dlightbox%26settings%3DeyJpZCI6Njc1LCJ1cmwiOiJodHRwczpcL1wvbXVlYmxlc2RpZmFsY28uY29tLmFyXC93cC1jb250ZW50XC91cGxvYWRzXC8yMDIwXC8xMVwvZG9taXRvcmlvLXJlc3BhbGRvLXRhcGl6YWRvLUNVRVJPLVJPSk8tNS5qcGciLCJzbGlkZXNob3ciOiJmNGNkYzIyIn0%3D\" href='https:\/\/mueblesdifalco.com.ar\/wp-content\/uploads\/2020\/11\/domitorio-respaldo-tapizado-CUERO-ROJO-5.jpg'><img width=\"591\" height=\"591\" src=\"https:\/\/mueblesdifalco.com.ar\/wp-content\/uploads\/2020\/11\/domitorio-respaldo-tapizado-CUERO-ROJO-5.jpg\" class=\"attachment-full size-full\" alt=\"\" loading=\"lazy\" srcset=\"https:\/\/mueblesdifalco.com.ar\/wp-content\/uploads\/2020\/11\/domitorio-respaldo-tapizado-CUERO-ROJO-5.jpg 591w, https:\/\/mueblesdifalco.com.ar\/wp-content\/uploads\/2020\/11\/domitorio-respaldo-tapizado-CUERO-ROJO-5-150x150.jpg 150w, https:\/\/mueblesdifalco.com.ar\/wp-content\/uploads\/2020\/11\/domitorio-respaldo-tapizado-CUERO-ROJO-5-300x300.jpg 300w, https:\/\/mueblesdifalco.com.ar\/wp-content\/uploads\/2020\/11\/domitorio-respaldo-tapizado-CUERO-ROJO-5-100x100.jpg 100w\" sizes=\"(max-width: 591px) 100vw, 591px\" \/><\/a>\n\t\t\t<\/div><\/figure><figure class='gallery-item'>\n\t\t\t<div class='gallery-icon landscape'>\n\t\t\t\t<a data-elementor-open-lightbox=\"yes\" data-elementor-lightbox-slideshow=\"f4cdc22\" data-elementor-lightbox-title=\"Dormitorio Javiela con respaldo tapizado+ banqueta waldo\" e-action-hash=\"#elementor-action%3Aaction%3Dlightbox%26settings%3DeyJpZCI6Njc3LCJ1cmwiOiJodHRwczpcL1wvbXVlYmxlc2RpZmFsY28uY29tLmFyXC93cC1jb250ZW50XC91cGxvYWRzXC8yMDIwXC8xMVwvZG9ybWl0b2lvLUpBVklFTEEtY29uLXJlc3BhbGRvLXRhcGl6YWRvLWJhbnF1ZXRhLXdhbGRvLTEtMS5qcGciLCJzbGlkZXNob3ciOiJmNGNkYzIyIn0%3D\" href='https:\/\/mueblesdifalco.com.ar\/wp-content\/uploads\/2020\/11\/dormitoio-JAVIELA-con-respaldo-tapizado-banqueta-waldo-1-1.jpg'><img width=\"591\" height=\"591\" src=\"https:\/\/mueblesdifalco.com.ar\/wp-content\/uploads\/2020\/11\/dormitoio-JAVIELA-con-respaldo-tapizado-banqueta-waldo-1-1.jpg\" class=\"attachment-full size-full\" alt=\"\" loading=\"lazy\" srcset=\"https:\/\/mueblesdifalco.com.ar\/wp-content\/uploads\/2020\/11\/dormitoio-JAVIELA-con-respaldo-tapizado-banqueta-waldo-1-1.jpg 591w, https:\/\/mueblesdifalco.com.ar\/wp-content\/uploads\/2020\/11\/dormitoio-JAVIELA-con-respaldo-tapizado-banqueta-waldo-1-1-150x150.jpg 150w, https:\/\/mueblesdifalco.com.ar\/wp-content\/uploads\/2020\/11\/dormitoio-JAVIELA-con-respaldo-tapizado-banqueta-waldo-1-1-300x300.jpg 300w, https:\/\/mueblesdifalco.com.ar\/wp-content\/uploads\/2020\/11\/dormitoio-JAVIELA-con-respaldo-tapizado-banqueta-waldo-1-1-100x100.jpg 100w\" sizes=\"(max-width: 591px) 100vw, 591px\" \/><\/a>\n\t\t\t<\/div><\/figure><figure class='gallery-item'>\n\t\t\t<div class='gallery-icon landscape'>\n\t\t\t\t<a data-elementor-open-lightbox=\"yes\" data-elementor-lightbox-slideshow=\"f4cdc22\" data-elementor-lightbox-title=\"C\u00f3moda ingles y espejo tr\u00edptico + sill\u00f3n Berger\" e-action-hash=\"#elementor-action%3Aaction%3Dlightbox%26settings%3DeyJpZCI6NjczLCJ1cmwiOiJodHRwczpcL1wvbXVlYmxlc2RpZmFsY28uY29tLmFyXC93cC1jb250ZW50XC91cGxvYWRzXC8yMDIwXC8xMVwvY29tb2RhLWluZ2xlcy0wMS15LWVzcGVqby10cmlwdGljby1TSUxMT04tQkVSR0VSLTEuanBnIiwic2xpZGVzaG93IjoiZjRjZGMyMiJ9\" href='https:\/\/mueblesdifalco.com.ar\/wp-content\/uploads\/2020\/11\/comoda-ingles-01-y-espejo-triptico-SILLON-BERGER-1.jpg'><img width=\"591\" height=\"591\" src=\"https:\/\/mueblesdifalco.com.ar\/wp-content\/uploads\/2020\/11\/comoda-ingles-01-y-espejo-triptico-SILLON-BERGER-1.jpg\" class=\"attachment-full size-full\" alt=\"\" loading=\"lazy\" srcset=\"https:\/\/mueblesdifalco.com.ar\/wp-content\/uploads\/2020\/11\/comoda-ingles-01-y-espejo-triptico-SILLON-BERGER-1.jpg 591w, https:\/\/mueblesdifalco.com.ar\/wp-content\/uploads\/2020\/11\/comoda-ingles-01-y-espejo-triptico-SILLON-BERGER-1-150x150.jpg 150w, https:\/\/mueblesdifalco.com.ar\/wp-content\/uploads\/2020\/11\/comoda-ingles-01-y-espejo-triptico-SILLON-BERGER-1-300x300.jpg 300w, https:\/\/mueblesdifalco.com.ar\/wp-content\/uploads\/2020\/11\/comoda-ingles-01-y-espejo-triptico-SILLON-BERGER-1-100x100.jpg 100w\" sizes=\"(max-width: 591px) 100vw, 591px\" \/><\/a>\n\t\t\t<\/div><\/figure><figure class='gallery-item'>\n\t\t\t<div class='gallery-icon landscape'>\n\t\t\t\t<a data-elementor-open-lightbox=\"yes\" data-elementor-lightbox-slideshow=\"f4cdc22\" data-elementor-lightbox-title=\"Dormitorio Ingl\u00e9s + banqueta Sabonarola\" e-action-hash=\"#elementor-action%3Aaction%3Dlightbox%26settings%3DeyJpZCI6Njc5LCJ1cmwiOiJodHRwczpcL1wvbXVlYmxlc2RpZmFsY28uY29tLmFyXC93cC1jb250ZW50XC91cGxvYWRzXC8yMDIwXC8xMVwvZG9ybWl0b3Jpby1JTkdMRVMtMDEtYmFucXVldGEtU0FCT05BUk9MQS0uanBnIiwic2xpZGVzaG93IjoiZjRjZGMyMiJ9\" href='https:\/\/mueblesdifalco.com.ar\/wp-content\/uploads\/2020\/11\/dormitorio-INGLES-01-banqueta-SABONAROLA-.jpg'><img width=\"591\" height=\"591\" src=\"https:\/\/mueblesdifalco.com.ar\/wp-content\/uploads\/2020\/11\/dormitorio-INGLES-01-banqueta-SABONAROLA-.jpg\" class=\"attachment-full size-full\" alt=\"\" loading=\"lazy\" srcset=\"https:\/\/mueblesdifalco.com.ar\/wp-content\/uploads\/2020\/11\/dormitorio-INGLES-01-banqueta-SABONAROLA-.jpg 591w, https:\/\/mueblesdifalco.com.ar\/wp-content\/uploads\/2020\/11\/dormitorio-INGLES-01-banqueta-SABONAROLA--150x150.jpg 150w, https:\/\/mueblesdifalco.com.ar\/wp-content\/uploads\/2020\/11\/dormitorio-INGLES-01-banqueta-SABONAROLA--300x300.jpg 300w, https:\/\/mueblesdifalco.com.ar\/wp-content\/uploads\/2020\/11\/dormitorio-INGLES-01-banqueta-SABONAROLA--100x100.jpg 100w\" sizes=\"(max-width: 591px) 100vw, 591px\" \/><\/a>\n\t\t\t<\/div><\/figure><figure class='gallery-item'>\n\t\t\t<div class='gallery-icon landscape'>\n\t\t\t\t<a data-elementor-open-lightbox=\"yes\" data-elementor-lightbox-slideshow=\"f4cdc22\" data-elementor-lightbox-title=\"Yaquetiva\" e-action-hash=\"#elementor-action%3Aaction%3Dlightbox%26settings%3DeyJpZCI6MTAyOSwidXJsIjoiaHR0cHM6XC9cL211ZWJsZXNkaWZhbGNvLmNvbS5hclwvd3AtY29udGVudFwvdXBsb2Fkc1wvMjAyMFwvMTJcL1lhcXVldGl2YS5qcGciLCJzbGlkZXNob3ciOiJmNGNkYzIyIn0%3D\" href='https:\/\/mueblesdifalco.com.ar\/wp-content\/uploads\/2020\/12\/Yaquetiva.jpg'><img width=\"591\" height=\"591\" src=\"https:\/\/mueblesdifalco.com.ar\/wp-content\/uploads\/2020\/12\/Yaquetiva.jpg\" class=\"attachment-full size-full\" alt=\"\" loading=\"lazy\" srcset=\"https:\/\/mueblesdifalco.com.ar\/wp-content\/uploads\/2020\/12\/Yaquetiva.jpg 591w, https:\/\/mueblesdifalco.com.ar\/wp-content\/uploads\/2020\/12\/Yaquetiva-300x300.jpg 300w, https:\/\/mueblesdifalco.com.ar\/wp-content\/uploads\/2020\/12\/Yaquetiva-150x150.jpg 150w\" sizes=\"(max-width: 591px) 100vw, 591px\" \/><\/a>\n\t\t\t<\/div><\/figure>\n\t\t<\/div>\n\t\t<\/div>\n\t\t\t\t<\/div>\n\t\t\t\t<\/div>\n\t\t\t\t\t\t<\/div>\n\t\t\t\t\t<\/div>\n\t\t<\/div>\n\t\t\t\t\t\t\t\t<\/div>\n\t\t\t\t\t<\/div>\n\t\t<\/section>\n\t\t\t\t\t\t\t\t\t<\/div>\n\t\t\t<\/div>\n\t\t\t\t\t<\/div>\n\t\t","protected":false},"excerpt":{"rendered":"<p>Dormitorio<\/p>\n","protected":false},"author":1,"featured_media":0,"parent":641,"menu_order":1,"comment_status":"closed","ping_status":"closed","template":"elementor_header_footer","meta":[],"_links":{"self":[{"href":"https:\/\/mueblesdifalco.com.ar\/index.php\/wp-json\/wp\/v2\/pages\/671"}],"collection":[{"href":"https:\/\/mueblesdifalco.com.ar\/index.php\/wp-json\/wp\/v2\/pages"}],"about":[{"href":"https:\/\/mueblesdifalco.com.ar\/index.php\/wp-json\/wp\/v2\/types\/page"}],"author":[{"embeddable":true,"href":"https:\/\/mueblesdifalco.com.ar\/index.php\/wp-json\/wp\/v2\/users\/1"}],"replies":[{"embeddable":true,"href":"https:\/\/mueblesdifalco.com.ar\/index.php\/wp-json\/wp\/v2\/comments?post=671"}],"version-history":[{"count":16,"href":"https:\/\/mueblesdifalco.com.ar\/index.php\/wp-json\/wp\/v2\/pages\/671\/revisions"}],"predecessor-version":[{"id":1032,"href":"https:\/\/mueblesdifalco.com.ar\/index.php\/wp-json\/wp\/v2\/pages\/671\/revisions\/1032"}],"up":[{"embeddable":true,"href":"https:\/\/mueblesdifalco.com.ar\/index.php\/wp-json\/wp\/v2\/pages\/641"}],"wp:attachment":[{"href":"https:\/\/mueblesdifalco.com.ar\/index.php\/wp-json\/wp\/v2\/media?parent=671"}],"curies":[{"name":"wp","href":"https:\/\/api.w.org\/{rel}","templated":true}]}}